{"id":4086,"date":"2021-07-26T10:17:37","date_gmt":"2021-07-26T03:17:37","guid":{"rendered":"https:\/\/gmpgroups.com.vn\/cau-hoi-thuong-gap\/"},"modified":"2022-03-02T15:33:17","modified_gmt":"2022-03-02T08:33:17","slug":"frequently-asked-questions","status":"publish","type":"page","link":"https:\/\/gmpgroups.com.vn\/en\/frequently-asked-questions\/","title":{"rendered":"Frequently asked questions"},"content":{"rendered":"","protected":false},"excerpt":{"rendered":"","protected":false},"author":1,"featured_media":0,"parent":0,"menu_order":0,"comment_status":"closed","ping_status":"closed","template":"page-template\/faq-template.php","meta":{"inline_featured_image":false,"footnotes":""},"class_list":["post-4086","page","type-page","status-publish","hentry"],"yoast_head":"<!-- This site is optimized with the Yoast SEO plugin v27.0 - https:\/\/yoast.com\/product\/yoast-seo-wordpress\/ -->\n<title>Frequently asked questions - GMP Groups<\/title>\n<meta name=\"robots\" content=\"index, follow, max-snippet:-1, max-image-preview:large, max-video-preview:-1\" \/>\n<link rel=\"canonical\" href=\"https:\/\/gmpgroups.com.vn\/en\/frequently-asked-questions\/\" \/>\n<meta property=\"og:locale\" content=\"en_US\" \/>\n<meta property=\"og:type\" content=\"article\" \/>\n<meta property=\"og:title\" content=\"Frequently asked questions - GMP Groups\" \/>\n<meta property=\"og:url\" content=\"https:\/\/gmpgroups.com.vn\/en\/frequently-asked-questions\/\" \/>\n<meta property=\"og:site_name\" content=\"T\u01b0 v\u1ea5n thi\u1ebft k\u1ebf thi c\u00f4ng ph\u00f2ng s\u1ea1ch \u0111\u1ea1t chu\u1ea9n GMP v\u00e0 ISO | GMP GROUPS\" \/>\n<meta property=\"article:publisher\" content=\"https:\/\/www.facebook.com\/gmpgroups\" \/>\n<meta property=\"article:modified_time\" content=\"2022-03-02T08:33:17+00:00\" \/>\n<meta name=\"twitter:card\" content=\"summary_large_image\" \/>\n<script type=\"application\/ld+json\" class=\"yoast-schema-graph\">{\"@context\":\"https:\/\/schema.org\",\"@graph\":[{\"@type\":\"WebPage\",\"@id\":\"https:\/\/gmpgroups.com.vn\/en\/frequently-asked-questions\/\",\"url\":\"https:\/\/gmpgroups.com.vn\/en\/frequently-asked-questions\/\",\"name\":\"Frequently asked questions - GMP Groups\",\"isPartOf\":{\"@id\":\"https:\/\/gmpgroups.com.vn\/#website\"},\"datePublished\":\"2021-07-26T03:17:37+00:00\",\"dateModified\":\"2022-03-02T08:33:17+00:00\",\"breadcrumb\":{\"@id\":\"https:\/\/gmpgroups.com.vn\/en\/frequently-asked-questions\/#breadcrumb\"},\"inLanguage\":\"en\",\"potentialAction\":[{\"@type\":\"ReadAction\",\"target\":[\"https:\/\/gmpgroups.com.vn\/en\/frequently-asked-questions\/\"]}]},{\"@type\":\"BreadcrumbList\",\"@id\":\"https:\/\/gmpgroups.com.vn\/en\/frequently-asked-questions\/#breadcrumb\",\"itemListElement\":[{\"@type\":\"ListItem\",\"position\":1,\"name\":\"Home\",\"item\":\"https:\/\/gmpgroups.com.vn\/en\/\"},{\"@type\":\"ListItem\",\"position\":2,\"name\":\"Frequently asked questions\"}]},{\"@type\":\"WebSite\",\"@id\":\"https:\/\/gmpgroups.com.vn\/#website\",\"url\":\"https:\/\/gmpgroups.com.vn\/\",\"name\":\"T\u01b0 v\u1ea5n thi\u1ebft k\u1ebf thi c\u00f4ng ph\u00f2ng s\u1ea1ch \u0111\u1ea1t chu\u1ea9n GMP v\u00e0 ISO | GMP GROUPS\",\"description\":\"V\u1edbi ph\u01b0\u01a1ng ch\u00e2m \u201cT\u1ed1i \u0111a h\u00f3a gi\u00e1 tr\u1ecb v\u00e0 l\u1ee3i \u00edch cho kh\u00e1ch h\u00e0ng\u201d, GMP Groups cam k\u1ebft kh\u00f4ng ng\u1eebng c\u1eadp nh\u1eadt c\u00e1c y\u00eau c\u1ea7u v\u1ec1 GMP\",\"publisher\":{\"@id\":\"https:\/\/gmpgroups.com.vn\/#organization\"},\"potentialAction\":[{\"@type\":\"SearchAction\",\"target\":{\"@type\":\"EntryPoint\",\"urlTemplate\":\"https:\/\/gmpgroups.com.vn\/?s={search_term_string}\"},\"query-input\":{\"@type\":\"PropertyValueSpecification\",\"valueRequired\":true,\"valueName\":\"search_term_string\"}}],\"inLanguage\":\"en\"},{\"@type\":\"Organization\",\"@id\":\"https:\/\/gmpgroups.com.vn\/#organization\",\"name\":\"GMP Groups\",\"url\":\"https:\/\/gmpgroups.com.vn\/\",\"logo\":{\"@type\":\"ImageObject\",\"inLanguage\":\"en\",\"@id\":\"https:\/\/gmpgroups.com.vn\/#\/schema\/logo\/image\/\",\"url\":\"https:\/\/gmpgroups.com.vn\/wp-content\/uploads\/2021\/07\/logo-header.png\",\"contentUrl\":\"https:\/\/gmpgroups.com.vn\/wp-content\/uploads\/2021\/07\/logo-header.png\",\"width\":152,\"height\":50,\"caption\":\"GMP Groups\"},\"image\":{\"@id\":\"https:\/\/gmpgroups.com.vn\/#\/schema\/logo\/image\/\"},\"sameAs\":[\"https:\/\/www.facebook.com\/gmpgroups\"]}]}<\/script>\n<!-- \/ Yoast SEO plugin. -->","yoast_head_json":{"title":"Frequently asked questions - GMP Groups","robots":{"index":"index","follow":"follow","max-snippet":"max-snippet:-1","max-image-preview":"max-image-preview:large","max-video-preview":"max-video-preview:-1"},"canonical":"https:\/\/gmpgroups.com.vn\/en\/frequently-asked-questions\/","og_locale":"en_US","og_type":"article","og_title":"Frequently asked questions - GMP Groups","og_url":"https:\/\/gmpgroups.com.vn\/en\/frequently-asked-questions\/","og_site_name":"T\u01b0 v\u1ea5n thi\u1ebft k\u1ebf thi c\u00f4ng ph\u00f2ng s\u1ea1ch \u0111\u1ea1t chu\u1ea9n GMP v\u00e0 ISO | GMP GROUPS","article_publisher":"https:\/\/www.facebook.com\/gmpgroups","article_modified_time":"2022-03-02T08:33:17+00:00","twitter_card":"summary_large_image","schema":{"@context":"https:\/\/schema.org","@graph":[{"@type":"WebPage","@id":"https:\/\/gmpgroups.com.vn\/en\/frequently-asked-questions\/","url":"https:\/\/gmpgroups.com.vn\/en\/frequently-asked-questions\/","name":"Frequently asked questions - GMP Groups","isPartOf":{"@id":"https:\/\/gmpgroups.com.vn\/#website"},"datePublished":"2021-07-26T03:17:37+00:00","dateModified":"2022-03-02T08:33:17+00:00","breadcrumb":{"@id":"https:\/\/gmpgroups.com.vn\/en\/frequently-asked-questions\/#breadcrumb"},"inLanguage":"en","potentialAction":[{"@type":"ReadAction","target":["https:\/\/gmpgroups.com.vn\/en\/frequently-asked-questions\/"]}]},{"@type":"BreadcrumbList","@id":"https:\/\/gmpgroups.com.vn\/en\/frequently-asked-questions\/#breadcrumb","itemListElement":[{"@type":"ListItem","position":1,"name":"Home","item":"https:\/\/gmpgroups.com.vn\/en\/"},{"@type":"ListItem","position":2,"name":"Frequently asked questions"}]},{"@type":"WebSite","@id":"https:\/\/gmpgroups.com.vn\/#website","url":"https:\/\/gmpgroups.com.vn\/","name":"T\u01b0 v\u1ea5n thi\u1ebft k\u1ebf thi c\u00f4ng ph\u00f2ng s\u1ea1ch \u0111\u1ea1t chu\u1ea9n GMP v\u00e0 ISO | GMP GROUPS","description":"V\u1edbi ph\u01b0\u01a1ng ch\u00e2m \u201cT\u1ed1i \u0111a h\u00f3a gi\u00e1 tr\u1ecb v\u00e0 l\u1ee3i \u00edch cho kh\u00e1ch h\u00e0ng\u201d, GMP Groups cam k\u1ebft kh\u00f4ng ng\u1eebng c\u1eadp nh\u1eadt c\u00e1c y\u00eau c\u1ea7u v\u1ec1 GMP","publisher":{"@id":"https:\/\/gmpgroups.com.vn\/#organization"},"potentialAction":[{"@type":"SearchAction","target":{"@type":"EntryPoint","urlTemplate":"https:\/\/gmpgroups.com.vn\/?s={search_term_string}"},"query-input":{"@type":"PropertyValueSpecification","valueRequired":true,"valueName":"search_term_string"}}],"inLanguage":"en"},{"@type":"Organization","@id":"https:\/\/gmpgroups.com.vn\/#organization","name":"GMP Groups","url":"https:\/\/gmpgroups.com.vn\/","logo":{"@type":"ImageObject","inLanguage":"en","@id":"https:\/\/gmpgroups.com.vn\/#\/schema\/logo\/image\/","url":"https:\/\/gmpgroups.com.vn\/wp-content\/uploads\/2021\/07\/logo-header.png","contentUrl":"https:\/\/gmpgroups.com.vn\/wp-content\/uploads\/2021\/07\/logo-header.png","width":152,"height":50,"caption":"GMP Groups"},"image":{"@id":"https:\/\/gmpgroups.com.vn\/#\/schema\/logo\/image\/"},"sameAs":["https:\/\/www.facebook.com\/gmpgroups"]}]}},"_links":{"self":[{"href":"https:\/\/gmpgroups.com.vn\/en\/wp-json\/wp\/v2\/pages\/4086","targetHints":{"allow":["GET"]}}],"collection":[{"href":"https:\/\/gmpgroups.com.vn\/en\/wp-json\/wp\/v2\/pages"}],"about":[{"href":"https:\/\/gmpgroups.com.vn\/en\/wp-json\/wp\/v2\/types\/page"}],"author":[{"embeddable":true,"href":"https:\/\/gmpgroups.com.vn\/en\/wp-json\/wp\/v2\/users\/1"}],"replies":[{"embeddable":true,"href":"https:\/\/gmpgroups.com.vn\/en\/wp-json\/wp\/v2\/comments?post=4086"}],"version-history":[{"count":4,"href":"https:\/\/gmpgroups.com.vn\/en\/wp-json\/wp\/v2\/pages\/4086\/revisions"}],"predecessor-version":[{"id":4510,"href":"https:\/\/gmpgroups.com.vn\/en\/wp-json\/wp\/v2\/pages\/4086\/revisions\/4510"}],"wp:attachment":[{"href":"https:\/\/gmpgroups.com.vn\/en\/wp-json\/wp\/v2\/media?parent=4086"}],"curies":[{"name":"wp","href":"https:\/\/api.w.org\/{rel}","templated":true}]}}