{"id":4091,"date":"2021-07-25T22:25:10","date_gmt":"2021-07-25T15:25:10","guid":{"rendered":"https:\/\/gmpgroups.com.vn\/tu-van-thiet-ke-thi-cong-phong-sach-dat-chuan-gmp-va-iso\/"},"modified":"2025-03-01T10:07:48","modified_gmt":"2025-03-01T03:07:48","slug":"tu-van-thiet-ke-thi-cong-phong-sach-dat-chuan-gmp-va-iso","status":"publish","type":"page","link":"https:\/\/gmpgroups.com.vn\/en\/","title":{"rendered":"Home"},"content":{"rendered":"","protected":false},"excerpt":{"rendered":"","protected":false},"author":1,"featured_media":11045,"parent":0,"menu_order":0,"comment_status":"closed","ping_status":"closed","template":"page-template\/home-template.php","meta":{"inline_featured_image":false,"footnotes":""},"class_list":["post-4091","page","type-page","status-publish","has-post-thumbnail","hentry"],"yoast_head":"<!-- This site is optimized with the Yoast SEO plugin v27.0 - https:\/\/yoast.com\/product\/yoast-seo-wordpress\/ -->\n<title>T\u01b0 v\u1ea5n thi\u1ebft k\u1ebf, thi c\u00f4ng ph\u00f2ng s\u1ea1ch GMP Groups<\/title>\n<meta name=\"description\" content=\"GMP Groups cung c\u1ea5p gi\u1ea3i ph\u00e1p to\u00e0n di\u1ec7n trong l\u0129nh v\u1ef1c ph\u00f2ng s\u1ea1ch, t\u01b0 v\u1ea5n GxP&amp;ISO, t\u01b0 v\u1ea5n c\u00f4ng ngh\u1ec7 b\u00e0o ch\u1ebf, t\u01b0 v\u1ea5n thi\u1ebft b\u1ecb s\u1ea3n xu\u1ea5t...\" \/>\n<meta name=\"robots\" content=\"index, follow, max-snippet:-1, max-image-preview:large, max-video-preview:-1\" \/>\n<link rel=\"canonical\" href=\"https:\/\/gmpgroups.com.vn\/en\/\" \/>\n<meta property=\"og:locale\" content=\"en_US\" \/>\n<meta property=\"og:type\" content=\"article\" \/>\n<meta property=\"og:title\" content=\"GMP Groups\" \/>\n<meta property=\"og:description\" content=\"GMP Groups cung c\u1ea5p b\u1ed9 gi\u1ea3i ph\u00e1p t\u1ed5ng th\u1ec3 trong l\u0129nh v\u1ef1c ph\u00f2ng s\u1ea1ch bao g\u1ed3m: T\u01b0 v\u1ea5n l\u1eadp v\u00e0 quy ho\u1ea1ch d\u1ef1 \u00e1n \u0111\u1ea7u t\u01b0; Thi\u1ebft k\u1ebf v\u00e0 Thi c\u00f4ng ph\u00f2ng s\u1ea1ch; Th\u1ea9m \u0111\u1ecbnh v\u00e0 \u0111\u00e1nh gi\u00e1 ph\u00f2ng s\u1ea1ch; Hi\u1ec7u chu\u1ea9n v\u00e0 ki\u1ec3m \u0111\u1ecbnh thi\u1ebft b\u1ecb; T\u01b0 v\u1ea5n ti\u00eau chu\u1ea9n GxP\/ISO; T\u01b0 v\u1ea5n c\u00f4ng b\u1ed1 \u0111\u1ee7 \u0111i\u1ec1u ki\u1ec7n s\u1ea3n xu\u1ea5t trang thi\u1ebft b\u1ecb y t\u1ebf; T\u01b0 v\u1ea5n c\u00f4ng ngh\u1ec7 b\u00e0o ch\u1ebf; T\u01b0 v\u1ea5n thi\u1ebft b\u1ecb s\u1ea3n xu\u1ea5t v\u00e0 ki\u1ec3m nghi\u1ec7m.\" \/>\n<meta property=\"og:url\" content=\"https:\/\/gmpgroups.com.vn\/en\/\" \/>\n<meta property=\"og:site_name\" content=\"T\u01b0 v\u1ea5n thi\u1ebft k\u1ebf thi c\u00f4ng ph\u00f2ng s\u1ea1ch \u0111\u1ea1t chu\u1ea9n GMP v\u00e0 ISO | GMP GROUPS\" \/>\n<meta property=\"article:publisher\" content=\"https:\/\/www.facebook.com\/gmpgroups\" \/>\n<meta property=\"article:modified_time\" content=\"2025-03-01T03:07:48+00:00\" \/>\n<meta property=\"og:image\" content=\"https:\/\/gmpgroups.com.vn\/wp-content\/uploads\/2021\/08\/gjvfjhv.jpg\" \/>\n\t<meta property=\"og:image:width\" content=\"2000\" \/>\n\t<meta property=\"og:image:height\" content=\"1333\" \/>\n\t<meta property=\"og:image:type\" content=\"image\/jpeg\" \/>\n<meta name=\"twitter:card\" content=\"summary_large_image\" \/>\n<script type=\"application\/ld+json\" class=\"yoast-schema-graph\">{\"@context\":\"https:\/\/schema.org\",\"@graph\":[{\"@type\":\"WebPage\",\"@id\":\"https:\/\/gmpgroups.com.vn\/en\/\",\"url\":\"https:\/\/gmpgroups.com.vn\/en\/\",\"name\":\"T\u01b0 v\u1ea5n thi\u1ebft k\u1ebf, thi c\u00f4ng ph\u00f2ng s\u1ea1ch GMP Groups\",\"isPartOf\":{\"@id\":\"https:\/\/gmpgroups.com.vn\/#website\"},\"primaryImageOfPage\":{\"@id\":\"https:\/\/gmpgroups.com.vn\/en\/#primaryimage\"},\"image\":{\"@id\":\"https:\/\/gmpgroups.com.vn\/en\/#primaryimage\"},\"thumbnailUrl\":\"https:\/\/gmpgroups.com.vn\/wp-content\/uploads\/2025\/02\/GMP-2025-scaled.jpg\",\"datePublished\":\"2021-07-25T15:25:10+00:00\",\"dateModified\":\"2025-03-01T03:07:48+00:00\",\"description\":\"GMP Groups cung c\u1ea5p gi\u1ea3i ph\u00e1p to\u00e0n di\u1ec7n trong l\u0129nh v\u1ef1c ph\u00f2ng s\u1ea1ch, t\u01b0 v\u1ea5n GxP&ISO, t\u01b0 v\u1ea5n c\u00f4ng ngh\u1ec7 b\u00e0o ch\u1ebf, t\u01b0 v\u1ea5n thi\u1ebft b\u1ecb s\u1ea3n xu\u1ea5t...\",\"breadcrumb\":{\"@id\":\"https:\/\/gmpgroups.com.vn\/en\/#breadcrumb\"},\"inLanguage\":\"en\",\"potentialAction\":[{\"@type\":\"ReadAction\",\"target\":[\"https:\/\/gmpgroups.com.vn\/en\/\"]}]},{\"@type\":\"ImageObject\",\"inLanguage\":\"en\",\"@id\":\"https:\/\/gmpgroups.com.vn\/en\/#primaryimage\",\"url\":\"https:\/\/gmpgroups.com.vn\/wp-content\/uploads\/2025\/02\/GMP-2025-scaled.jpg\",\"contentUrl\":\"https:\/\/gmpgroups.com.vn\/wp-content\/uploads\/2025\/02\/GMP-2025-scaled.jpg\",\"width\":2560,\"height\":1371},{\"@type\":\"BreadcrumbList\",\"@id\":\"https:\/\/gmpgroups.com.vn\/en\/#breadcrumb\",\"itemListElement\":[{\"@type\":\"ListItem\",\"position\":1,\"name\":\"Home\",\"item\":\"https:\/\/gmpgroups.com.vn\/en\/\"},{\"@type\":\"ListItem\",\"position\":2,\"name\":\"Home\"}]},{\"@type\":\"WebSite\",\"@id\":\"https:\/\/gmpgroups.com.vn\/#website\",\"url\":\"https:\/\/gmpgroups.com.vn\/\",\"name\":\"T\u01b0 v\u1ea5n thi\u1ebft k\u1ebf thi c\u00f4ng ph\u00f2ng s\u1ea1ch \u0111\u1ea1t chu\u1ea9n GMP v\u00e0 ISO | GMP GROUPS\",\"description\":\"V\u1edbi ph\u01b0\u01a1ng ch\u00e2m \u201cT\u1ed1i \u0111a h\u00f3a gi\u00e1 tr\u1ecb v\u00e0 l\u1ee3i \u00edch cho kh\u00e1ch h\u00e0ng\u201d, GMP Groups cam k\u1ebft kh\u00f4ng ng\u1eebng c\u1eadp nh\u1eadt c\u00e1c y\u00eau c\u1ea7u v\u1ec1 GMP\",\"publisher\":{\"@id\":\"https:\/\/gmpgroups.com.vn\/#organization\"},\"potentialAction\":[{\"@type\":\"SearchAction\",\"target\":{\"@type\":\"EntryPoint\",\"urlTemplate\":\"https:\/\/gmpgroups.com.vn\/?s={search_term_string}\"},\"query-input\":{\"@type\":\"PropertyValueSpecification\",\"valueRequired\":true,\"valueName\":\"search_term_string\"}}],\"inLanguage\":\"en\"},{\"@type\":\"Organization\",\"@id\":\"https:\/\/gmpgroups.com.vn\/#organization\",\"name\":\"GMP Groups\",\"url\":\"https:\/\/gmpgroups.com.vn\/\",\"logo\":{\"@type\":\"ImageObject\",\"inLanguage\":\"en\",\"@id\":\"https:\/\/gmpgroups.com.vn\/#\/schema\/logo\/image\/\",\"url\":\"https:\/\/gmpgroups.com.vn\/wp-content\/uploads\/2021\/07\/logo-header.png\",\"contentUrl\":\"https:\/\/gmpgroups.com.vn\/wp-content\/uploads\/2021\/07\/logo-header.png\",\"width\":152,\"height\":50,\"caption\":\"GMP Groups\"},\"image\":{\"@id\":\"https:\/\/gmpgroups.com.vn\/#\/schema\/logo\/image\/\"},\"sameAs\":[\"https:\/\/www.facebook.com\/gmpgroups\"]}]}<\/script>\n<!-- \/ Yoast SEO plugin. -->","yoast_head_json":{"title":"T\u01b0 v\u1ea5n thi\u1ebft k\u1ebf, thi c\u00f4ng ph\u00f2ng s\u1ea1ch GMP Groups","description":"GMP Groups cung c\u1ea5p gi\u1ea3i ph\u00e1p to\u00e0n di\u1ec7n trong l\u0129nh v\u1ef1c ph\u00f2ng s\u1ea1ch, t\u01b0 v\u1ea5n GxP&ISO, t\u01b0 v\u1ea5n c\u00f4ng ngh\u1ec7 b\u00e0o ch\u1ebf, t\u01b0 v\u1ea5n thi\u1ebft b\u1ecb s\u1ea3n xu\u1ea5t...","robots":{"index":"index","follow":"follow","max-snippet":"max-snippet:-1","max-image-preview":"max-image-preview:large","max-video-preview":"max-video-preview:-1"},"canonical":"https:\/\/gmpgroups.com.vn\/en\/","og_locale":"en_US","og_type":"article","og_title":"GMP Groups","og_description":"GMP Groups cung c\u1ea5p b\u1ed9 gi\u1ea3i ph\u00e1p t\u1ed5ng th\u1ec3 trong l\u0129nh v\u1ef1c ph\u00f2ng s\u1ea1ch bao g\u1ed3m: T\u01b0 v\u1ea5n l\u1eadp v\u00e0 quy ho\u1ea1ch d\u1ef1 \u00e1n \u0111\u1ea7u t\u01b0; Thi\u1ebft k\u1ebf v\u00e0 Thi c\u00f4ng ph\u00f2ng s\u1ea1ch; Th\u1ea9m \u0111\u1ecbnh v\u00e0 \u0111\u00e1nh gi\u00e1 ph\u00f2ng s\u1ea1ch; Hi\u1ec7u chu\u1ea9n v\u00e0 ki\u1ec3m \u0111\u1ecbnh thi\u1ebft b\u1ecb; T\u01b0 v\u1ea5n ti\u00eau chu\u1ea9n GxP\/ISO; T\u01b0 v\u1ea5n c\u00f4ng b\u1ed1 \u0111\u1ee7 \u0111i\u1ec1u ki\u1ec7n s\u1ea3n xu\u1ea5t trang thi\u1ebft b\u1ecb y t\u1ebf; T\u01b0 v\u1ea5n c\u00f4ng ngh\u1ec7 b\u00e0o ch\u1ebf; T\u01b0 v\u1ea5n thi\u1ebft b\u1ecb s\u1ea3n xu\u1ea5t v\u00e0 ki\u1ec3m nghi\u1ec7m.","og_url":"https:\/\/gmpgroups.com.vn\/en\/","og_site_name":"T\u01b0 v\u1ea5n thi\u1ebft k\u1ebf thi c\u00f4ng ph\u00f2ng s\u1ea1ch \u0111\u1ea1t chu\u1ea9n GMP v\u00e0 ISO | GMP GROUPS","article_publisher":"https:\/\/www.facebook.com\/gmpgroups","article_modified_time":"2025-03-01T03:07:48+00:00","og_image":[{"width":2000,"height":1333,"url":"https:\/\/gmpgroups.com.vn\/wp-content\/uploads\/2021\/08\/gjvfjhv.jpg","type":"image\/jpeg"}],"twitter_card":"summary_large_image","schema":{"@context":"https:\/\/schema.org","@graph":[{"@type":"WebPage","@id":"https:\/\/gmpgroups.com.vn\/en\/","url":"https:\/\/gmpgroups.com.vn\/en\/","name":"T\u01b0 v\u1ea5n thi\u1ebft k\u1ebf, thi c\u00f4ng ph\u00f2ng s\u1ea1ch GMP Groups","isPartOf":{"@id":"https:\/\/gmpgroups.com.vn\/#website"},"primaryImageOfPage":{"@id":"https:\/\/gmpgroups.com.vn\/en\/#primaryimage"},"image":{"@id":"https:\/\/gmpgroups.com.vn\/en\/#primaryimage"},"thumbnailUrl":"https:\/\/gmpgroups.com.vn\/wp-content\/uploads\/2025\/02\/GMP-2025-scaled.jpg","datePublished":"2021-07-25T15:25:10+00:00","dateModified":"2025-03-01T03:07:48+00:00","description":"GMP Groups cung c\u1ea5p gi\u1ea3i ph\u00e1p to\u00e0n di\u1ec7n trong l\u0129nh v\u1ef1c ph\u00f2ng s\u1ea1ch, t\u01b0 v\u1ea5n GxP&ISO, t\u01b0 v\u1ea5n c\u00f4ng ngh\u1ec7 b\u00e0o ch\u1ebf, t\u01b0 v\u1ea5n thi\u1ebft b\u1ecb s\u1ea3n xu\u1ea5t...","breadcrumb":{"@id":"https:\/\/gmpgroups.com.vn\/en\/#breadcrumb"},"inLanguage":"en","potentialAction":[{"@type":"ReadAction","target":["https:\/\/gmpgroups.com.vn\/en\/"]}]},{"@type":"ImageObject","inLanguage":"en","@id":"https:\/\/gmpgroups.com.vn\/en\/#primaryimage","url":"https:\/\/gmpgroups.com.vn\/wp-content\/uploads\/2025\/02\/GMP-2025-scaled.jpg","contentUrl":"https:\/\/gmpgroups.com.vn\/wp-content\/uploads\/2025\/02\/GMP-2025-scaled.jpg","width":2560,"height":1371},{"@type":"BreadcrumbList","@id":"https:\/\/gmpgroups.com.vn\/en\/#breadcrumb","itemListElement":[{"@type":"ListItem","position":1,"name":"Home","item":"https:\/\/gmpgroups.com.vn\/en\/"},{"@type":"ListItem","position":2,"name":"Home"}]},{"@type":"WebSite","@id":"https:\/\/gmpgroups.com.vn\/#website","url":"https:\/\/gmpgroups.com.vn\/","name":"T\u01b0 v\u1ea5n thi\u1ebft k\u1ebf thi c\u00f4ng ph\u00f2ng s\u1ea1ch \u0111\u1ea1t chu\u1ea9n GMP v\u00e0 ISO | GMP GROUPS","description":"V\u1edbi ph\u01b0\u01a1ng ch\u00e2m \u201cT\u1ed1i \u0111a h\u00f3a gi\u00e1 tr\u1ecb v\u00e0 l\u1ee3i \u00edch cho kh\u00e1ch h\u00e0ng\u201d, GMP Groups cam k\u1ebft kh\u00f4ng ng\u1eebng c\u1eadp nh\u1eadt c\u00e1c y\u00eau c\u1ea7u v\u1ec1 GMP","publisher":{"@id":"https:\/\/gmpgroups.com.vn\/#organization"},"potentialAction":[{"@type":"SearchAction","target":{"@type":"EntryPoint","urlTemplate":"https:\/\/gmpgroups.com.vn\/?s={search_term_string}"},"query-input":{"@type":"PropertyValueSpecification","valueRequired":true,"valueName":"search_term_string"}}],"inLanguage":"en"},{"@type":"Organization","@id":"https:\/\/gmpgroups.com.vn\/#organization","name":"GMP Groups","url":"https:\/\/gmpgroups.com.vn\/","logo":{"@type":"ImageObject","inLanguage":"en","@id":"https:\/\/gmpgroups.com.vn\/#\/schema\/logo\/image\/","url":"https:\/\/gmpgroups.com.vn\/wp-content\/uploads\/2021\/07\/logo-header.png","contentUrl":"https:\/\/gmpgroups.com.vn\/wp-content\/uploads\/2021\/07\/logo-header.png","width":152,"height":50,"caption":"GMP Groups"},"image":{"@id":"https:\/\/gmpgroups.com.vn\/#\/schema\/logo\/image\/"},"sameAs":["https:\/\/www.facebook.com\/gmpgroups"]}]}},"_links":{"self":[{"href":"https:\/\/gmpgroups.com.vn\/en\/wp-json\/wp\/v2\/pages\/4091","targetHints":{"allow":["GET"]}}],"collection":[{"href":"https:\/\/gmpgroups.com.vn\/en\/wp-json\/wp\/v2\/pages"}],"about":[{"href":"https:\/\/gmpgroups.com.vn\/en\/wp-json\/wp\/v2\/types\/page"}],"author":[{"embeddable":true,"href":"https:\/\/gmpgroups.com.vn\/en\/wp-json\/wp\/v2\/users\/1"}],"replies":[{"embeddable":true,"href":"https:\/\/gmpgroups.com.vn\/en\/wp-json\/wp\/v2\/comments?post=4091"}],"version-history":[{"count":10,"href":"https:\/\/gmpgroups.com.vn\/en\/wp-json\/wp\/v2\/pages\/4091\/revisions"}],"predecessor-version":[{"id":11074,"href":"https:\/\/gmpgroups.com.vn\/en\/wp-json\/wp\/v2\/pages\/4091\/revisions\/11074"}],"wp:featuredmedia":[{"embeddable":true,"href":"https:\/\/gmpgroups.com.vn\/en\/wp-json\/wp\/v2\/media\/11045"}],"wp:attachment":[{"href":"https:\/\/gmpgroups.com.vn\/en\/wp-json\/wp\/v2\/media?parent=4091"}],"curies":[{"name":"wp","href":"https:\/\/api.w.org\/{rel}","templated":true}]}}